{"id":34,"date":"2013-07-20T10:59:26","date_gmt":"2013-07-20T10:59:26","guid":{"rendered":"http:\/\/www.sascha-theismann.de\/wordpress6\/?page_id=34"},"modified":"2021-10-19T16:14:50","modified_gmt":"2021-10-19T14:14:50","slug":"imprint","status":"publish","type":"page","link":"https:\/\/www.allegium.com\/de\/imprint\/","title":{"rendered":"Impressum"},"content":{"rendered":"<p>[et_pb_section fb_built=&#8221;1&#8243; admin_label=&#8221;section&#8221; _builder_version=&#8221;3.22&#8243;][et_pb_row column_structure=&#8221;2_5,3_5&#8243; admin_label=&#8221;row&#8221; _builder_version=&#8221;4.7.5&#8243; background_size=&#8221;initial&#8221; background_position=&#8221;top_left&#8221; background_repeat=&#8221;repeat&#8221;][et_pb_column type=&#8221;2_5&#8243; _builder_version=&#8221;3.25&#8243; custom_padding=&#8221;|||&#8221; custom_padding__hover=&#8221;|||&#8221;][et_pb_text admin_label=&#8221;Text&#8221; _builder_version=&#8221;4.7.5&#8243; background_size=&#8221;initial&#8221; background_position=&#8221;top_left&#8221; background_repeat=&#8221;repeat&#8221;]<\/p>\n<h1><\/h1>\n<p>&nbsp;<\/p>\n<h1>Impressum<\/h1>\n<p>&nbsp;<\/p>\n<h2>Kontakt<\/h2>\n<p>Allegium GmbH<br \/> Goltsteinstr. 90<br \/> 50968 Cologne<br \/> Germany<\/p>\n<p>Tel.: +49(0)221\/35663123<br \/> E-Mail: tarek.nazzal@allegium.com<\/p>\n<p>Managing Director: Tarek Nazzal (sole power of representation)<br \/> Company Register at Cologne County Court: HRB 77080<br \/> Int. VAT-ID-No.: DE 286 236 146<\/p>\n<p>Angaben gem\u00e4\u00df \u00a7 5 TMG<\/p>\n<p>Allegium GmbH<br \/> Goltsteinstr. 90<br \/> 50968 Cologne<br \/> Germany<\/p>\n<p>tel: +49 (0) 221 \/ 356 63 123<\/p>\n<p>mob: +49 (0) 177 \/ 626 8 343<\/p>\n<p>Vertreten durch Tarek Nazzal (Gesch\u00e4ftsf\u00fchrer)<\/p>\n<p>V.i.S.d.P.: Tarek Nazzal<\/p>\n<p>Registereintrag:<br \/> Eintragung im Handelsregister.<br \/> Registergericht:Amtsgericht K\u00f6ln<br \/> Registernummer: HRB 77080<\/p>\n<p>Umsatzsteuer:<br \/> Umsatzsteuer-Identifikationsnummer gem\u00e4\u00df \u00a727 a Umsatzsteuergesetz:<br \/> DE 286 236 146<\/p>\n<p>Angaben zur Berufshaftpflichtversicherung<br \/> Name und Sitz des Versicherers:<br \/> Allianz Versicherung<br \/> Gladbacher Str. 17-19<br \/> 50672 K\u00f6ln<br \/> Geltungsraum der Versicherung: Deutschland<\/p>\n<p>Streitschlichtung<br \/> Wir sind nicht bereit oder verpflichtet, an Streitbeilegungsverfahren vor einer Verbraucherschlichtungsstelle teilzunehmen.<br \/> Quelle: Impressum-Generator von anwalt.de<\/p>\n<p>&nbsp;<\/p>\n<p>Gestaltet mit freundlicher Unterst\u00fctzung<\/p>\n<p>von Yvonne Friedrich<\/p>\n<p>Powered by WordPress<\/p>\n<p>Theme by elegant themes<\/p>\n<p>Pictures by Adobe Stock<span style=\"font-size: 14px;\">\u00a0:<\/span><br \/> <span style=\"font-size: 14px;\">\u00a9Thomas Reimer<\/span>\/stock.adobe.com<br \/> <span>\u00a9Artco<\/span>\/stock.adobe.com<br \/> <span>\u00a9elenabsl<\/span>\/stock.adobe.com<br \/> <span>\u00a9vegefox.com<\/span>\/stock.adobe.com<br \/> <span>\u00a9rh2010<\/span>\/stock.adobe.com<br \/> <span>\u00a9denisismagilov<\/span>\/stock.adobe.com<br \/> <span>\u00a9gustavofrazao<\/span>\/stock.adobe.com<br \/>\u00a9FrankBoston\/stock.adobe.com<br \/> <span>\u00a9Soloviova Liudmyla<\/span>\/stock.adobe.com<br \/> <span>\u00a9pixamo<\/span>\/stock.adobe.com<br \/> <span>\u00a9Christian-P.Worring<\/span>\/stock.adobe.com<br \/> <span>\u00a9photoschmidt<\/span>\/stock.adobe.com<br \/> <span>\u00a9Buffaloboy<\/span>\/stock.adobe.com<br \/> <span>\u00a9Brian Jackson<\/span>\/stock.adobe.com<br \/> <span>\u00a9omikron960<\/span>\/stock.adobe.com<br \/> <span>\u00a9malp<\/span>\/stock.adobe.com<br \/> <span>\u00a9NDABCREATIVITY<\/span>\/stock.adobe.com<br \/> <span>\u00a9sdecoret<\/span>\/stock.adobe.com<br \/><span>\u00a9Nomad_Soul\/<\/span>stock.adobe.com<br \/><span>\u00a9MMvectors<\/span>\/stock.adobe.com<br \/><span>\u00a9Elnur<\/span>\/stock.adobe.com<br \/><span>\u00a9patpitchaya<\/span>\/stock.adobe.com<br \/><span>\u00a9magann<\/span>\/stock.adobe.com<\/p>\n<p>[\/et_pb_text][\/et_pb_column][et_pb_column type=&#8221;3_5&#8243; _builder_version=&#8221;3.25&#8243; custom_padding=&#8221;|||&#8221; custom_padding__hover=&#8221;|||&#8221;][et_pb_text _builder_version=&#8221;4.7.5&#8243; _module_preset=&#8221;default&#8221;]<\/p>\n<p>Disclaimer \u2013 rechtliche Hinweise<\/p>\n<p> <strong>1. Haftungsbeschr\u00e4nkung<\/strong><\/p>\n<p>Die Inhalte des Internetauftritts wurden mit gr\u00f6\u00dftm\u00f6glicher Sorgfalt und nach bestem Gewissen erstellt. Dennoch \u00fcbernimmt der Anbieter dieser Webseite keine Gew\u00e4hr f\u00fcr die Aktualit\u00e4t, Vollst\u00e4ndigkeit und Richtigkeit der bereitgestellten Seiten und Inhalte.<\/p>\n<p>Als Diensteanbieter ist der Anbieter dieser Webseite gem\u00e4\u00df \u00a7 7 Abs. 1 TMG f\u00fcr eigene Inhalte und bereitgestellte Informationen auf diesen Seiten nach den allgemeinen Gesetzen verantwortlich; nach den \u00a7\u00a7 8 bis 10 TMG jedoch nicht verpflichtet, die \u00fcbermittelten oder gespeicherten fremden Informationen zu \u00fcberwachen. Eine Entfernung oder Sperrung dieser Inhalte erfolgt umgehend ab dem Zeitpunkt der Kenntnis einer konkreten Rechtsverletzung. Eine Haftung ist erst ab dem Zeitpunkt der Kenntniserlangung m\u00f6glich.<\/p>\n<p><strong>2. Externe Links<\/strong><\/p>\n<p>Die Webseite enth\u00e4lt sog. \u201eexterne Links\u201c (Verlinkungen) zu anderen Webseiten, auf deren Inhalt der Anbieter der Webseite keinen Einfluss hat. Aus diesem Grund kann der Anbieter f\u00fcr diese Inhalte auch keine Gew\u00e4hr \u00fcbernehmen.<br \/> F\u00fcr die Inhalte und Richtigkeit der bereitgestellten Informationen ist der jeweilige Anbieter der verlinkten Webseite verantwortlich. Zum Zeitpunkt der Verlinkung waren keine Rechtsverst\u00f6\u00dfe erkennbar. Bei Bekanntwerden einer solchen Rechtsverletzung wird der Link umgehend entfernen.<\/p>\n<p><strong>3. Urheberrecht\/Leistungsschutzrecht<\/strong><\/p>\n<p>Die auf dieser Webseite ver\u00f6ffentlichten Inhalte, Werke und bereitgestellten Informationen unterliegen dem deutschen Urheberrecht und Leistungsschutzrecht. Jede Art der Vervielf\u00e4ltigung, Bearbeitung, Verbreitung, Einspeicherung und jede Art der Verwertung au\u00dferhalb der Grenzen des Urheberrechts bedarf der vorherigen schriftlichen Zustimmung des jeweiligen Rechteinhabers. Das unerlaubte Kopieren\/Speichern der bereitgestellten Informationen auf diesen Webseiten ist nicht gestattet und strafbar.<\/p>\n<p><strong>4. Datenschutz<\/strong><\/p>\n<p>Durch den Besuch des Internetauftritts k\u00f6nnen Informationen (Datum, Uhrzeit, aufgerufene Seite) \u00fcber den Zugriff auf dem Server gespeichert werden. Es werden keine personenbezogenenen (z. B. Name, Anschrift oder E-Mail-Adresse) Daten, gespeichert.<\/p>\n<p>Sofern personenbezogene Daten erhoben werden, erfolgt dies, sofern m\u00f6glich, nur mit dem vorherigen Einverst\u00e4ndnis des Nutzers der Webseite. Eine Weitergabe der Daten an Dritte findet ohne ausdr\u00fcckliche Zustimmung des Nutzers nicht statt.<\/p>\n<p>Der Anbieter weist darauf hin, dass die \u00dcbertragung von Daten im Internet (z. B. per E-Mail) Sicherheitsl\u00fccken aufweisen und ein l\u00fcckenloser Schutz der Daten vor dem Zugriff Dritter nicht gew\u00e4hrleistet werden kann. Der Anbieter \u00fcbernimmt keine Haftung f\u00fcr die durch solche Sicherheitsl\u00fccken entstandenen Sch\u00e4den.<\/p>\n<p>Der Verwendung der Kontaktdaten durch Dritte zur gewerblichen Nutzung wird ausdr\u00fccklich widersprochen. Es sei denn, der Anbieter hat zuvor seine schriftliche Einwilligung erteilt.<br \/> Der Anbieter beh\u00e4lt sich rechtliche Schritte f\u00fcr den Fall der unverlangten Zusendung von Werbeinformationen, z. B. durch Spam-Mails, vor. Hier geht es zu unserer Datenschutzerkl\u00e4rung.<\/p>\n<p>Quelle: Muster Disclaimer<\/p>\n<p>[\/et_pb_text][\/et_pb_column][\/et_pb_row][\/et_pb_section]<\/p>\n","protected":false},"excerpt":{"rendered":"<p>&nbsp; Impressum &nbsp; Kontakt Allegium GmbH Goltsteinstr. 90 50968 Cologne Germany Tel.: +49(0)221\/35663123 E-Mail: tarek.nazzal@allegium.com Managing Director: Tarek Nazzal (sole power of representation) Company Register at Cologne County Court: HRB 77080 Int. VAT-ID-No.: DE 286 236 146 Angaben gem\u00e4\u00df \u00a7 5 TMG Allegium GmbH Goltsteinstr. 90 50968 Cologne Germany tel: +49 (0) 221 \/ 356 [&hellip;]<\/p>\n","protected":false},"author":1,"featured_media":0,"parent":0,"menu_order":0,"comment_status":"open","ping_status":"open","template":"","meta":{"_et_pb_use_builder":"on","_et_pb_old_content":"Allegium GmbH\r\nGoltsteinstr. 90\r\n50968 Cologne\r\nGermany\r\n\r\nTel.: +49(0)221\/35663123\r\nE-Mail: prevention-training(at)allegium.com\r\n\r\nManaging Director: Tarek Nazzal (sole power of representation)\r\nCompany Register at Cologne County Court: HRB 77080\r\nInt. VAT-ID-No.: DE 286 236 146\r\n","_et_gb_content_width":"","footnotes":""},"class_list":["post-34","page","type-page","status-publish","hentry"],"yoast_head":"<!-- This site is optimized with the Yoast SEO plugin v27.1.1 - https:\/\/yoast.com\/product\/yoast-seo-wordpress\/ -->\n<title>Imprint - Allegium<\/title>\n<meta name=\"robots\" content=\"index, follow, max-snippet:-1, max-image-preview:large, max-video-preview:-1\" \/>\n<link rel=\"canonical\" href=\"https:\/\/www.allegium.com\/de\/imprint\/\" \/>\n<meta property=\"og:locale\" content=\"de_DE\" \/>\n<meta property=\"og:type\" content=\"article\" \/>\n<meta property=\"og:title\" content=\"Imprint - Allegium\" \/>\n<meta property=\"og:description\" content=\"&nbsp; Impressum &nbsp; Kontakt Allegium GmbH Goltsteinstr. 90 50968 Cologne Germany Tel.: +49(0)221\/35663123 E-Mail: tarek.nazzal@allegium.com Managing Director: Tarek Nazzal (sole power of representation) Company Register at Cologne County Court: HRB 77080 Int. VAT-ID-No.: DE 286 236 146 Angaben gem\u00e4\u00df \u00a7 5 TMG Allegium GmbH Goltsteinstr. 90 50968 Cologne Germany tel: +49 (0) 221 \/ 356 [&hellip;]\" \/>\n<meta property=\"og:url\" content=\"https:\/\/www.allegium.com\/de\/imprint\/\" \/>\n<meta property=\"og:site_name\" content=\"Allegium\" \/>\n<meta property=\"article:modified_time\" content=\"2021-10-19T14:14:50+00:00\" \/>\n<meta name=\"twitter:card\" content=\"summary_large_image\" \/>\n<meta name=\"twitter:label1\" content=\"Gesch\u00e4tzte Lesezeit\" \/>\n\t<meta name=\"twitter:data1\" content=\"4\u00a0Minuten\" \/>\n<script type=\"application\/ld+json\" class=\"yoast-schema-graph\">{\"@context\":\"https:\/\/schema.org\",\"@graph\":[{\"@type\":\"WebPage\",\"@id\":\"https:\/\/www.allegium.com\/de\/imprint\/\",\"url\":\"https:\/\/www.allegium.com\/de\/imprint\/\",\"name\":\"Imprint - Allegium\",\"isPartOf\":{\"@id\":\"https:\/\/www.allegium.com\/#website\"},\"datePublished\":\"2013-07-20T10:59:26+00:00\",\"dateModified\":\"2021-10-19T14:14:50+00:00\",\"breadcrumb\":{\"@id\":\"https:\/\/www.allegium.com\/de\/imprint\/#breadcrumb\"},\"inLanguage\":\"de\",\"potentialAction\":[{\"@type\":\"ReadAction\",\"target\":[\"https:\/\/www.allegium.com\/de\/imprint\/\"]}]},{\"@type\":\"BreadcrumbList\",\"@id\":\"https:\/\/www.allegium.com\/de\/imprint\/#breadcrumb\",\"itemListElement\":[{\"@type\":\"ListItem\",\"position\":1,\"name\":\"Startseite\",\"item\":\"https:\/\/www.allegium.com\/\"},{\"@type\":\"ListItem\",\"position\":2,\"name\":\"Imprint\"}]},{\"@type\":\"WebSite\",\"@id\":\"https:\/\/www.allegium.com\/#website\",\"url\":\"https:\/\/www.allegium.com\/\",\"name\":\"Allegium\",\"description\":\"Sustainable Mobility\",\"publisher\":{\"@id\":\"https:\/\/www.allegium.com\/#organization\"},\"potentialAction\":[{\"@type\":\"SearchAction\",\"target\":{\"@type\":\"EntryPoint\",\"urlTemplate\":\"https:\/\/www.allegium.com\/?s={search_term_string}\"},\"query-input\":{\"@type\":\"PropertyValueSpecification\",\"valueRequired\":true,\"valueName\":\"search_term_string\"}}],\"inLanguage\":\"de\"},{\"@type\":\"Organization\",\"@id\":\"https:\/\/www.allegium.com\/#organization\",\"name\":\"Allegium\",\"url\":\"https:\/\/www.allegium.com\/\",\"logo\":{\"@type\":\"ImageObject\",\"inLanguage\":\"de\",\"@id\":\"https:\/\/www.allegium.com\/#\/schema\/logo\/image\/\",\"url\":\"http:\/\/www.allegium.com\/wp-content\/uploads\/2021\/06\/Logo-auf-Webseite.png\",\"contentUrl\":\"http:\/\/www.allegium.com\/wp-content\/uploads\/2021\/06\/Logo-auf-Webseite.png\",\"width\":150,\"height\":100,\"caption\":\"Allegium\"},\"image\":{\"@id\":\"https:\/\/www.allegium.com\/#\/schema\/logo\/image\/\"}}]}<\/script>\n<!-- \/ Yoast SEO plugin. -->","yoast_head_json":{"title":"Imprint - Allegium","robots":{"index":"index","follow":"follow","max-snippet":"max-snippet:-1","max-image-preview":"max-image-preview:large","max-video-preview":"max-video-preview:-1"},"canonical":"https:\/\/www.allegium.com\/de\/imprint\/","og_locale":"de_DE","og_type":"article","og_title":"Imprint - Allegium","og_description":"&nbsp; Impressum &nbsp; Kontakt Allegium GmbH Goltsteinstr. 90 50968 Cologne Germany Tel.: +49(0)221\/35663123 E-Mail: tarek.nazzal@allegium.com Managing Director: Tarek Nazzal (sole power of representation) Company Register at Cologne County Court: HRB 77080 Int. VAT-ID-No.: DE 286 236 146 Angaben gem\u00e4\u00df \u00a7 5 TMG Allegium GmbH Goltsteinstr. 90 50968 Cologne Germany tel: +49 (0) 221 \/ 356 [&hellip;]","og_url":"https:\/\/www.allegium.com\/de\/imprint\/","og_site_name":"Allegium","article_modified_time":"2021-10-19T14:14:50+00:00","twitter_card":"summary_large_image","twitter_misc":{"Gesch\u00e4tzte Lesezeit":"4\u00a0Minuten"},"schema":{"@context":"https:\/\/schema.org","@graph":[{"@type":"WebPage","@id":"https:\/\/www.allegium.com\/de\/imprint\/","url":"https:\/\/www.allegium.com\/de\/imprint\/","name":"Imprint - Allegium","isPartOf":{"@id":"https:\/\/www.allegium.com\/#website"},"datePublished":"2013-07-20T10:59:26+00:00","dateModified":"2021-10-19T14:14:50+00:00","breadcrumb":{"@id":"https:\/\/www.allegium.com\/de\/imprint\/#breadcrumb"},"inLanguage":"de","potentialAction":[{"@type":"ReadAction","target":["https:\/\/www.allegium.com\/de\/imprint\/"]}]},{"@type":"BreadcrumbList","@id":"https:\/\/www.allegium.com\/de\/imprint\/#breadcrumb","itemListElement":[{"@type":"ListItem","position":1,"name":"Startseite","item":"https:\/\/www.allegium.com\/"},{"@type":"ListItem","position":2,"name":"Imprint"}]},{"@type":"WebSite","@id":"https:\/\/www.allegium.com\/#website","url":"https:\/\/www.allegium.com\/","name":"Allegium","description":"Sustainable Mobility","publisher":{"@id":"https:\/\/www.allegium.com\/#organization"},"potentialAction":[{"@type":"SearchAction","target":{"@type":"EntryPoint","urlTemplate":"https:\/\/www.allegium.com\/?s={search_term_string}"},"query-input":{"@type":"PropertyValueSpecification","valueRequired":true,"valueName":"search_term_string"}}],"inLanguage":"de"},{"@type":"Organization","@id":"https:\/\/www.allegium.com\/#organization","name":"Allegium","url":"https:\/\/www.allegium.com\/","logo":{"@type":"ImageObject","inLanguage":"de","@id":"https:\/\/www.allegium.com\/#\/schema\/logo\/image\/","url":"http:\/\/www.allegium.com\/wp-content\/uploads\/2021\/06\/Logo-auf-Webseite.png","contentUrl":"http:\/\/www.allegium.com\/wp-content\/uploads\/2021\/06\/Logo-auf-Webseite.png","width":150,"height":100,"caption":"Allegium"},"image":{"@id":"https:\/\/www.allegium.com\/#\/schema\/logo\/image\/"}}]}},"_links":{"self":[{"href":"https:\/\/www.allegium.com\/de\/wp-json\/wp\/v2\/pages\/34","targetHints":{"allow":["GET"]}}],"collection":[{"href":"https:\/\/www.allegium.com\/de\/wp-json\/wp\/v2\/pages"}],"about":[{"href":"https:\/\/www.allegium.com\/de\/wp-json\/wp\/v2\/types\/page"}],"author":[{"embeddable":true,"href":"https:\/\/www.allegium.com\/de\/wp-json\/wp\/v2\/users\/1"}],"replies":[{"embeddable":true,"href":"https:\/\/www.allegium.com\/de\/wp-json\/wp\/v2\/comments?post=34"}],"version-history":[{"count":0,"href":"https:\/\/www.allegium.com\/de\/wp-json\/wp\/v2\/pages\/34\/revisions"}],"wp:attachment":[{"href":"https:\/\/www.allegium.com\/de\/wp-json\/wp\/v2\/media?parent=34"}],"curies":[{"name":"wp","href":"https:\/\/api.w.org\/{rel}","templated":true}]}}